{"id":89,"date":"2025-10-02T01:19:16","date_gmt":"2025-10-02T01:19:16","guid":{"rendered":"https:\/\/live.21lab.co\/nitto\/?page_id=89"},"modified":"2026-02-26T12:55:21","modified_gmt":"2026-02-26T12:55:21","slug":"careers","status":"publish","type":"page","link":"https:\/\/hphome.me\/en\/about-us\/careers\/","title":{"rendered":"Careers"},"content":{"rendered":"<div data-elementor-type=\"wp-page\" data-elementor-id=\"89\" class=\"elementor elementor-89\">\n\t\t\t\t<div class=\"elementor-element elementor-element-868fe79 e-con-full e-flex e-con e-parent\" data-id=\"868fe79\" data-element_type=\"container\" data-e-type=\"container\">\n\t\t<div class=\"elementor-element elementor-element-51641e1 e-con-full e-flex e-con e-child\" data-id=\"51641e1\" data-element_type=\"container\" data-e-type=\"container\">\n\t\t<div class=\"elementor-element elementor-element-fbbab45 e-con-full e-flex e-con e-child\" data-id=\"fbbab45\" data-element_type=\"container\" data-e-type=\"container\">\n\t\t\t\t<div class=\"elementor-element elementor-element-4ed58fc elementor-widget elementor-widget-heading\" data-id=\"4ed58fc\" data-element_type=\"widget\" data-e-type=\"widget\" data-widget_type=\"heading.default\">\n\t\t\t\t\t<h1 class=\"elementor-heading-title elementor-size-default\">Building the future together.<\/h1>\t\t\t\t<\/div>\n\t\t\t\t<\/div>\n\t\t<div class=\"elementor-element elementor-element-37c98b0 e-con-full e-flex e-con e-child\" data-id=\"37c98b0\" data-element_type=\"container\" data-e-type=\"container\">\n\t\t\t\t<div class=\"elementor-element elementor-element-2b0d859 brPrimary elementor-widget elementor-widget-heading\" data-id=\"2b0d859\" data-element_type=\"widget\" data-e-type=\"widget\" data-widget_type=\"heading.default\">\n\t\t\t\t\t<div class=\"elementor-heading-title elementor-size-default\">At HP Home, we believe that our employees are our strongest foundation. With a 40-year tradition, we offer a stable work environment, opportunities for professional development, and the chance to work on projects across Montenegro.<\/div>\t\t\t\t<\/div>\n\t\t\t\t<\/div>\n\t\t\t\t<\/div>\n\t\t<div class=\"elementor-element elementor-element-38da488 e-con-full e-flex e-con e-child\" data-id=\"38da488\" data-element_type=\"container\" data-e-type=\"container\">\n\t\t\t\t<div class=\"elementor-element elementor-element-4029dc6 elementor-absolute custom-center elementor-widget elementor-widget-heading\" data-id=\"4029dc6\" data-element_type=\"widget\" data-e-type=\"widget\" data-settings=\"{&quot;_position&quot;:&quot;absolute&quot;}\" data-widget_type=\"heading.default\">\n\t\t\t\t\t<h2 class=\"elementor-heading-title elementor-size-default\">Join our team<\/h2>\t\t\t\t<\/div>\n\t\t\t\t<div class=\"elementor-element elementor-element-409f627 elementor-widget elementor-widget-image\" data-id=\"409f627\" data-element_type=\"widget\" data-e-type=\"widget\" data-widget_type=\"image.default\">\n\t\t\t\t\t\t\t\t\t\t\t\t\t\t\t<img fetchpriority=\"high\" decoding=\"async\" width=\"900\" height=\"297\" src=\"https:\/\/hphome.me\/wp-content\/uploads\/2025\/10\/s5-1024x338.jpg\" class=\"attachment-large size-large wp-image-767\" alt=\"\" srcset=\"https:\/\/hphome.me\/wp-content\/uploads\/2025\/10\/s5-1024x338.jpg 1024w, https:\/\/hphome.me\/wp-content\/uploads\/2025\/10\/s5-300x99.jpg 300w, https:\/\/hphome.me\/wp-content\/uploads\/2025\/10\/s5-768x253.jpg 768w, https:\/\/hphome.me\/wp-content\/uploads\/2025\/10\/s5-1536x507.jpg 1536w, https:\/\/hphome.me\/wp-content\/uploads\/2025\/10\/s5.jpg 1552w\" sizes=\"(max-width: 900px) 100vw, 900px\" \/>\t\t\t\t\t\t\t\t\t\t\t\t\t\t\t<\/div>\n\t\t\t\t<\/div>\n\t\t\t\t<\/div>\n\t\t<div class=\"elementor-element elementor-element-4ad3dc0 e-flex e-con-boxed e-con e-parent\" data-id=\"4ad3dc0\" data-element_type=\"container\" data-e-type=\"container\">\n\t\t\t\t\t<div class=\"e-con-inner\">\n\t\t<div class=\"elementor-element elementor-element-9d3e7b8 e-grid e-con-full e-con e-child\" data-id=\"9d3e7b8\" data-element_type=\"container\" data-e-type=\"container\">\n\t\t\t\t<div class=\"elementor-element elementor-element-fefd3a5 pp-dual-heading-block elementor-widget elementor-widget-pp-dual-heading\" data-id=\"fefd3a5\" data-element_type=\"widget\" data-e-type=\"widget\" data-widget_type=\"pp-dual-heading.default\">\n\t\t\t\t\t<h2 class=\"pp-dual-heading\"><span class=\"pp-first-text\">Employee benefits<\/span><span class=\"pp-second-text\">At HP Home team, we don't just build <\/br>buildings, but long-term careers as well.<\/span><\/h2>\t\t\t\t<\/div>\n\t\t\t\t<div class=\"elementor-element elementor-element-76aef42 elementor-align-center elementor-widget elementor-widget-button\" data-id=\"76aef42\" data-element_type=\"widget\" data-e-type=\"widget\" data-widget_type=\"button.default\">\n\t\t\t\t\t\t\t\t\t\t<a class=\"elementor-button elementor-button-link elementor-size-sm\" href=\"#works\">\n\t\t\t\t\t\t<span class=\"elementor-button-content-wrapper\">\n\t\t\t\t\t\t\t\t\t<span class=\"elementor-button-text\">View open positions<\/span>\n\t\t\t\t\t<\/span>\n\t\t\t\t\t<\/a>\n\t\t\t\t\t\t\t\t<\/div>\n\t\t\t\t<\/div>\n\t\t\t\t<div class=\"elementor-element elementor-element-fc3a78d elementor-grid-4 elementor-grid-mobile-2 elementor-grid-tablet-2 pp-info-box-above-title elementor-widget elementor-widget-pp-info-box-carousel\" data-id=\"fc3a78d\" data-element_type=\"widget\" data-e-type=\"widget\" data-widget_type=\"pp-info-box-carousel.default\">\n\t\t\t\t\t\t\t<div class=\"pp-info-box-container elementor-grid\">\n\t\t\t\n\t\t\t\t\t\t\t<div class=\"pp-info-box elementor-grid-item\">\n\t\t\t\t\t\n\t\t\t\t\t\t\t\t<div class=\"pp-info-box-icon-wrap\">\n\t\t\t\t\t\t\t\t<span class=\"pp-info-box-icon pp-icon\">\n\t\t\t\t\t\t\t\t\t\t\t<svg xmlns=\"http:\/\/www.w3.org\/2000\/svg\" width=\"100\" height=\"100\" viewbox=\"0 0 100 100\" fill=\"none\"><path d=\"M37.5 95.8333H27.0833V35.4167H10.4167L35.4167 6.25L60.4167 35.4167H43.75V43.75\" stroke=\"#0B263B\" stroke-width=\"4\" stroke-miterlimit=\"10\" stroke-linecap=\"square\"><\/path><path d=\"M58.3333 66.6667C62.9357 66.6667 66.6667 62.9357 66.6667 58.3333C66.6667 53.731 62.9357 50 58.3333 50C53.731 50 50 53.731 50 58.3333C50 62.9357 53.731 66.6667 58.3333 66.6667Z\" stroke=\"#C2C9CE\" stroke-width=\"4\" stroke-miterlimit=\"10\" stroke-linecap=\"square\"><\/path><path d=\"M87.5 95.8332C92.1024 95.8332 95.8333 92.1022 95.8333 87.4998C95.8333 82.8975 92.1024 79.1665 87.5 79.1665C82.8976 79.1665 79.1667 82.8975 79.1667 87.4998C79.1667 92.1022 82.8976 95.8332 87.5 95.8332Z\" stroke=\"#C2C9CE\" stroke-width=\"4\" stroke-miterlimit=\"10\" stroke-linecap=\"square\"><\/path><path d=\"M56.25 93.7499L89.5833 52.0833\" stroke=\"#C2C9CE\" stroke-width=\"4\" stroke-miterlimit=\"10\" stroke-linecap=\"square\"><\/path><\/svg>\t\t\t\t\t\t\t\t\t<\/span>\n\n\t\t\t\t\t\t\t<\/div>\n\t\t\t\n\t\t\t\t\t\n\t\t\t\t\t<div class=\"pp-info-box-content\">\n\t\t\t\t\t\t\t\t<div class=\"pp-info-box-title-wrap\">\n\t\t\t\t\t\t\t<div class=\"pp-info-box-title-container\">\n\t\t\t\t\t<h4 class=\"pp-info-box-title\">\n\t\t\t\t\t\tOpportunity\t\t\t\t\t<\/h4>\n\t\t\t\t<\/div>\n\t\t\t\t\t\t<\/div>\n\t\t\n\t\t\t\t\t\t\n\t\t\t\t\t\t\t\t\t\t\t\t\t<div class=\"pp-info-box-description\">\n\t\t\t\t\t\t\t\t<p>We are opening the doors for you to work on the most significant and complex projects in the region. At <b data-path-to-node=\"4,0\" data-index-in-node=\"88\">HP Home<\/b> you don't just get a job, but an opportunity to leave a lasting mark on the architecture of our coast.<\/p>\t\t\t\t\t\t\t<\/div>\n\t\t\t\t\t\t\n\t\t\t\t\t\t\t\t\t\t\t<\/div>\n\n\t\t\t\t\t\t\t\t\t<\/div>\n\t\t\t\t\t\t\t<div class=\"pp-info-box elementor-grid-item\">\n\t\t\t\t\t\n\t\t\t\t\t\t\t\t<div class=\"pp-info-box-icon-wrap\">\n\t\t\t\t\t\t\t\t<span class=\"pp-info-box-icon pp-icon\">\n\t\t\t\t\t\t\t\t\t\t\t<svg xmlns=\"http:\/\/www.w3.org\/2000\/svg\" width=\"100\" height=\"100\" viewbox=\"0 0 100 100\" fill=\"none\"><path d=\"M31.25 95.8334V35.4167\" stroke=\"#0B263B\" stroke-width=\"4\" stroke-miterlimit=\"10\" stroke-linecap=\"square\"><\/path><path d=\"M20.8333 25.0001C26.5863 25.0001 31.25 20.3364 31.25 14.5834C31.25 8.83045 26.5863 4.16675 20.8333 4.16675C15.0804 4.16675 10.4167 8.83045 10.4167 14.5834C10.4167 20.3364 15.0804 25.0001 20.8333 25.0001Z\" stroke=\"#0B263B\" stroke-width=\"4\" stroke-miterlimit=\"10\" stroke-linecap=\"square\"><\/path><path d=\"M6.25 95.8334V43.7501C6.25 41.5399 7.12797 39.4203 8.69078 37.8575C10.2536 36.2947 12.3732 35.4167 14.5833 35.4167H64.5833\" stroke=\"#0B263B\" stroke-width=\"4\" stroke-miterlimit=\"10\" stroke-linecap=\"square\"><\/path><path d=\"M43.75 12.5H93.75V66.6667H43.75\" stroke=\"#C2C9CE\" stroke-width=\"4\" stroke-miterlimit=\"10\" stroke-linecap=\"square\"><\/path><path d=\"M68.75 66.6667L81.25 95.8334\" stroke=\"#C2C9CE\" stroke-width=\"4\" stroke-miterlimit=\"10\"><\/path><path d=\"M54.1667 12.5001V4.16675\" stroke=\"#C2C9CE\" stroke-width=\"4\" stroke-miterlimit=\"10\" stroke-linecap=\"square\"><\/path><\/svg>\t\t\t\t\t\t\t\t\t<\/span>\n\n\t\t\t\t\t\t\t<\/div>\n\t\t\t\n\t\t\t\t\t\n\t\t\t\t\t<div class=\"pp-info-box-content\">\n\t\t\t\t\t\t\t\t<div class=\"pp-info-box-title-wrap\">\n\t\t\t\t\t\t\t<div class=\"pp-info-box-title-container\">\n\t\t\t\t\t<h4 class=\"pp-info-box-title\">\n\t\t\t\t\t\tTraining and professional development\t\t\t\t\t<\/h4>\n\t\t\t\t<\/div>\n\t\t\t\t\t\t<\/div>\n\t\t\n\t\t\t\t\t\t\n\t\t\t\t\t\t\t\t\t\t\t\t\t<div class=\"pp-info-box-description\">\n\t\t\t\t\t\t\t\t<p>Learn from the best. We provide our employees with continuous training to work with the most modern technologies and materials, ensuring that your skills always remain at the top of the construction industry.<\/p>\t\t\t\t\t\t\t<\/div>\n\t\t\t\t\t\t\n\t\t\t\t\t\t\t\t\t\t\t<\/div>\n\n\t\t\t\t\t\t\t\t\t<\/div>\n\t\t\t\t\t\t\t<div class=\"pp-info-box elementor-grid-item\">\n\t\t\t\t\t\n\t\t\t\t\t\t\t\t<div class=\"pp-info-box-icon-wrap\">\n\t\t\t\t\t\t\t\t<span class=\"pp-info-box-icon pp-icon\">\n\t\t\t\t\t\t\t\t\t\t\t<svg xmlns=\"http:\/\/www.w3.org\/2000\/svg\" width=\"100\" height=\"100\" viewbox=\"0 0 100 100\" fill=\"none\"><path d=\"M29.3083 46.1168L8.33331 4.16675H33.3333L50 37.5001\" stroke=\"#C2C9CE\" stroke-width=\"4\" stroke-miterlimit=\"10\"><\/path><path d=\"M70.6937 46.1126L91.6667 4.16675H66.6667L50 37.5001\" stroke=\"#C2C9CE\" stroke-width=\"4\" stroke-miterlimit=\"10\"><\/path><path d=\"M50 95.8333C66.1083 95.8333 79.1666 82.775 79.1666 66.6667C79.1666 50.5584 66.1083 37.5 50 37.5C33.8917 37.5 20.8333 50.5584 20.8333 66.6667C20.8333 82.775 33.8917 95.8333 50 95.8333Z\" stroke=\"#0B263B\" stroke-width=\"4\" stroke-miterlimit=\"10\" stroke-linecap=\"square\"><\/path><path d=\"M50 51.5918L54.9 61.5168L65.85 63.1085L57.925 70.8335L59.7958 81.7418L50 76.5918L40.2041 81.7418L42.075 70.8335L34.15 63.1085L45.1 61.5168L50 51.5918Z\" stroke=\"#C2C9CE\" stroke-width=\"4\" stroke-miterlimit=\"10\" stroke-linecap=\"square\"><\/path><\/svg>\t\t\t\t\t\t\t\t\t<\/span>\n\n\t\t\t\t\t\t\t<\/div>\n\t\t\t\n\t\t\t\t\t\n\t\t\t\t\t<div class=\"pp-info-box-content\">\n\t\t\t\t\t\t\t\t<div class=\"pp-info-box-title-wrap\">\n\t\t\t\t\t\t\t<div class=\"pp-info-box-title-container\">\n\t\t\t\t\t<h4 class=\"pp-info-box-title\">\n\t\t\t\t\t\tReward for effort\t\t\t\t\t<\/h4>\n\t\t\t\t<\/div>\n\t\t\t\t\t\t<\/div>\n\t\t\n\t\t\t\t\t\t\n\t\t\t\t\t\t\t\t\t\t\t\t\t<div class=\"pp-info-box-description\">\n\t\t\t\t\t\t\t\t<p>We recognize and value commitment. In addition to regular earnings, we have introduced a system of bonuses and rewards for workers who contribute to our team's success through their precision, speed, and loyalty.<\/p>\t\t\t\t\t\t\t<\/div>\n\t\t\t\t\t\t\n\t\t\t\t\t\t\t\t\t\t\t<\/div>\n\n\t\t\t\t\t\t\t\t\t<\/div>\n\t\t\t\t\t\t\t<div class=\"pp-info-box elementor-grid-item\">\n\t\t\t\t\t\n\t\t\t\t\t\t\t\t<div class=\"pp-info-box-icon-wrap\">\n\t\t\t\t\t\t\t\t<span class=\"pp-info-box-icon pp-icon\">\n\t\t\t\t\t\t\t\t\t\t\t<svg xmlns=\"http:\/\/www.w3.org\/2000\/svg\" width=\"100\" height=\"100\" viewbox=\"0 0 100 100\" fill=\"none\"><path d=\"M50 95.8334V54.1667\" stroke=\"#0B263B\" stroke-width=\"4\" stroke-miterlimit=\"10\" stroke-linecap=\"square\"><\/path><path d=\"M95.8333 4.16675H4.16666V54.1667H95.8333V4.16675Z\" stroke=\"#0B263B\" stroke-width=\"4\" stroke-miterlimit=\"10\" stroke-linecap=\"square\"><\/path><path d=\"M50 37.5002C54.6024 37.5002 58.3333 33.7692 58.3333 29.1668C58.3333 24.5645 54.6024 20.8335 50 20.8335C45.3976 20.8335 41.6667 24.5645 41.6667 29.1668C41.6667 33.7692 45.3976 37.5002 50 37.5002Z\" stroke=\"#C2C9CE\" stroke-width=\"4\" stroke-miterlimit=\"10\" stroke-linecap=\"square\"><\/path><path d=\"M18.75 18.75H27.0833\" stroke=\"#C2C9CE\" stroke-width=\"4\" stroke-miterlimit=\"10\" stroke-linecap=\"square\"><\/path><path d=\"M72.9167 39.5835H81.25\" stroke=\"#C2C9CE\" stroke-width=\"4\" stroke-miterlimit=\"10\" stroke-linecap=\"square\"><\/path><path d=\"M81.25 68.75H72.9167C60.2604 68.75 50 79.0104 50 91.6667V95.8333H58.3333C70.9896 95.8333 81.25 85.5729 81.25 72.9167V68.75Z\" stroke=\"#0B263B\" stroke-width=\"4\" stroke-miterlimit=\"10\" stroke-linecap=\"square\"><\/path><\/svg>\t\t\t\t\t\t\t\t\t<\/span>\n\n\t\t\t\t\t\t\t<\/div>\n\t\t\t\n\t\t\t\t\t\n\t\t\t\t\t<div class=\"pp-info-box-content\">\n\t\t\t\t\t\t\t\t<div class=\"pp-info-box-title-wrap\">\n\t\t\t\t\t\t\t<div class=\"pp-info-box-title-container\">\n\t\t\t\t\t<h4 class=\"pp-info-box-title\">\n\t\t\t\t\t\tEarnings growth\t\t\t\t\t<\/h4>\n\t\t\t\t<\/div>\n\t\t\t\t\t\t<\/div>\n\t\t\n\t\t\t\t\t\t\n\t\t\t\t\t\t\t\t\t\t\t\t\t<div class=\"pp-info-box-description\">\n\t\t\t\t\t\t\t\t<p>Your salary grows along with your experience. We believe in long-term partnerships, which is why we offer a clear earnings increase plan in accordance with your progress and contribution to the company.<\/p>\t\t\t\t\t\t\t<\/div>\n\t\t\t\t\t\t\n\t\t\t\t\t\t\t\t\t\t\t<\/div>\n\n\t\t\t\t\t\t\t\t\t<\/div>\n\t\t\t\n\t\t\t\t\t<\/div>\n\t\t\t\t\t\t<\/div>\n\t\t\t\t\t<\/div>\n\t\t\t\t<\/div>\n\t\t<div class=\"elementor-element elementor-element-e157a5b e-con-full bgLight e-flex e-con e-parent\" data-id=\"e157a5b\" data-element_type=\"container\" data-e-type=\"container\">\n\t\t<div class=\"elementor-element elementor-element-c96b771 e-flex e-con-boxed e-con e-child\" data-id=\"c96b771\" data-element_type=\"container\" data-e-type=\"container\">\n\t\t\t\t\t<div class=\"e-con-inner\">\n\t\t<div class=\"elementor-element elementor-element-e38c18b e-con-full elementor-hidden-tablet elementor-hidden-mobile e-flex e-con e-child\" data-id=\"e38c18b\" data-element_type=\"container\" data-e-type=\"container\">\n\t\t\t\t<div class=\"elementor-element elementor-element-08b0665 elementor-widget__width-initial elementor-absolute elementor-invisible elementor-widget elementor-widget-image\" data-id=\"08b0665\" data-element_type=\"widget\" data-e-type=\"widget\" data-settings=\"{&quot;_position&quot;:&quot;absolute&quot;,&quot;_animation&quot;:&quot;fadeIn&quot;}\" data-widget_type=\"image.default\">\n\t\t\t\t\t\t\t\t\t\t\t\t\t\t\t<img decoding=\"async\" width=\"320\" height=\"320\" src=\"https:\/\/hphome.me\/wp-content\/uploads\/2025\/10\/Rectangle-83.jpg\" class=\"attachment-large size-large wp-image-169\" alt=\"\" srcset=\"https:\/\/hphome.me\/wp-content\/uploads\/2025\/10\/Rectangle-83.jpg 320w, https:\/\/hphome.me\/wp-content\/uploads\/2025\/10\/Rectangle-83-300x300.jpg 300w, https:\/\/hphome.me\/wp-content\/uploads\/2025\/10\/Rectangle-83-150x150.jpg 150w\" sizes=\"(max-width: 320px) 100vw, 320px\" \/>\t\t\t\t\t\t\t\t\t\t\t\t\t\t\t<\/div>\n\t\t\t\t<div class=\"elementor-element elementor-element-ddf9e68 elementor-widget__width-initial elementor-absolute e-transform elementor-invisible elementor-widget elementor-widget-image\" data-id=\"ddf9e68\" data-element_type=\"widget\" data-e-type=\"widget\" data-settings=\"{&quot;_position&quot;:&quot;absolute&quot;,&quot;_animation&quot;:&quot;fadeIn&quot;,&quot;_animation_delay&quot;:200,&quot;_transform_rotate_3d&quot;:&quot;yes&quot;,&quot;_transform_rotateX_effect&quot;:{&quot;unit&quot;:&quot;px&quot;,&quot;size&quot;:0,&quot;sizes&quot;:[]},&quot;_transform_rotateY_effect&quot;:{&quot;unit&quot;:&quot;px&quot;,&quot;size&quot;:0.5,&quot;sizes&quot;:[]},&quot;_transform_rotateZ_effect&quot;:{&quot;unit&quot;:&quot;px&quot;,&quot;size&quot;:&quot;&quot;,&quot;sizes&quot;:[]},&quot;_transform_rotateZ_effect_tablet&quot;:{&quot;unit&quot;:&quot;deg&quot;,&quot;size&quot;:&quot;&quot;,&quot;sizes&quot;:[]},&quot;_transform_rotateZ_effect_mobile&quot;:{&quot;unit&quot;:&quot;deg&quot;,&quot;size&quot;:&quot;&quot;,&quot;sizes&quot;:[]},&quot;_transform_rotateX_effect_tablet&quot;:{&quot;unit&quot;:&quot;deg&quot;,&quot;size&quot;:&quot;&quot;,&quot;sizes&quot;:[]},&quot;_transform_rotateX_effect_mobile&quot;:{&quot;unit&quot;:&quot;deg&quot;,&quot;size&quot;:&quot;&quot;,&quot;sizes&quot;:[]},&quot;_transform_rotateY_effect_tablet&quot;:{&quot;unit&quot;:&quot;deg&quot;,&quot;size&quot;:&quot;&quot;,&quot;sizes&quot;:[]},&quot;_transform_rotateY_effect_mobile&quot;:{&quot;unit&quot;:&quot;deg&quot;,&quot;size&quot;:&quot;&quot;,&quot;sizes&quot;:[]},&quot;_transform_perspective_effect&quot;:{&quot;unit&quot;:&quot;px&quot;,&quot;size&quot;:&quot;&quot;,&quot;sizes&quot;:[]},&quot;_transform_perspective_effect_tablet&quot;:{&quot;unit&quot;:&quot;px&quot;,&quot;size&quot;:&quot;&quot;,&quot;sizes&quot;:[]},&quot;_transform_perspective_effect_mobile&quot;:{&quot;unit&quot;:&quot;px&quot;,&quot;size&quot;:&quot;&quot;,&quot;sizes&quot;:[]}}\" data-widget_type=\"image.default\">\n\t\t\t\t\t\t\t\t\t\t\t\t\t\t\t<img decoding=\"async\" width=\"568\" height=\"664\" src=\"https:\/\/hphome.me\/wp-content\/uploads\/2025\/10\/Rectangle-41.jpg\" class=\"attachment-large size-large wp-image-417\" alt=\"\" srcset=\"https:\/\/hphome.me\/wp-content\/uploads\/2025\/10\/Rectangle-41.jpg 568w, https:\/\/hphome.me\/wp-content\/uploads\/2025\/10\/Rectangle-41-257x300.jpg 257w\" sizes=\"(max-width: 568px) 100vw, 568px\" \/>\t\t\t\t\t\t\t\t\t\t\t\t\t\t\t<\/div>\n\t\t\t\t<div class=\"elementor-element elementor-element-b09df2a elementor-widget__width-initial elementor-absolute e-transform elementor-invisible elementor-widget elementor-widget-image\" data-id=\"b09df2a\" data-element_type=\"widget\" data-e-type=\"widget\" data-settings=\"{&quot;_position&quot;:&quot;absolute&quot;,&quot;_animation&quot;:&quot;fadeIn&quot;,&quot;_animation_delay&quot;:400,&quot;_transform_rotate_3d&quot;:&quot;yes&quot;,&quot;_transform_rotateX_effect&quot;:{&quot;unit&quot;:&quot;px&quot;,&quot;size&quot;:0,&quot;sizes&quot;:[]},&quot;_transform_rotateY_effect&quot;:{&quot;unit&quot;:&quot;px&quot;,&quot;size&quot;:-0.5,&quot;sizes&quot;:[]},&quot;_transform_rotateZ_effect&quot;:{&quot;unit&quot;:&quot;px&quot;,&quot;size&quot;:&quot;&quot;,&quot;sizes&quot;:[]},&quot;_transform_rotateZ_effect_tablet&quot;:{&quot;unit&quot;:&quot;deg&quot;,&quot;size&quot;:&quot;&quot;,&quot;sizes&quot;:[]},&quot;_transform_rotateZ_effect_mobile&quot;:{&quot;unit&quot;:&quot;deg&quot;,&quot;size&quot;:&quot;&quot;,&quot;sizes&quot;:[]},&quot;_transform_rotateX_effect_tablet&quot;:{&quot;unit&quot;:&quot;deg&quot;,&quot;size&quot;:&quot;&quot;,&quot;sizes&quot;:[]},&quot;_transform_rotateX_effect_mobile&quot;:{&quot;unit&quot;:&quot;deg&quot;,&quot;size&quot;:&quot;&quot;,&quot;sizes&quot;:[]},&quot;_transform_rotateY_effect_tablet&quot;:{&quot;unit&quot;:&quot;deg&quot;,&quot;size&quot;:&quot;&quot;,&quot;sizes&quot;:[]},&quot;_transform_rotateY_effect_mobile&quot;:{&quot;unit&quot;:&quot;deg&quot;,&quot;size&quot;:&quot;&quot;,&quot;sizes&quot;:[]},&quot;_transform_perspective_effect&quot;:{&quot;unit&quot;:&quot;px&quot;,&quot;size&quot;:&quot;&quot;,&quot;sizes&quot;:[]},&quot;_transform_perspective_effect_tablet&quot;:{&quot;unit&quot;:&quot;px&quot;,&quot;size&quot;:&quot;&quot;,&quot;sizes&quot;:[]},&quot;_transform_perspective_effect_mobile&quot;:{&quot;unit&quot;:&quot;px&quot;,&quot;size&quot;:&quot;&quot;,&quot;sizes&quot;:[]}}\" data-widget_type=\"image.default\">\n\t\t\t\t\t\t\t\t\t\t\t\t\t\t\t<img loading=\"lazy\" decoding=\"async\" width=\"372\" height=\"396\" src=\"https:\/\/hphome.me\/wp-content\/uploads\/2025\/10\/Rectangle-43.jpg\" class=\"attachment-large size-large wp-image-418\" alt=\"\" srcset=\"https:\/\/hphome.me\/wp-content\/uploads\/2025\/10\/Rectangle-43.jpg 372w, https:\/\/hphome.me\/wp-content\/uploads\/2025\/10\/Rectangle-43-282x300.jpg 282w\" sizes=\"(max-width: 372px) 100vw, 372px\" \/>\t\t\t\t\t\t\t\t\t\t\t\t\t\t\t<\/div>\n\t\t\t\t<\/div>\n\t\t<div class=\"elementor-element elementor-element-718ff0b e-con-full e-flex e-con e-child\" data-id=\"718ff0b\" data-element_type=\"container\" data-e-type=\"container\">\n\t\t\t\t<div class=\"elementor-element elementor-element-bf7f102 pp-dual-heading-block elementor-widget elementor-widget-pp-dual-heading\" data-id=\"bf7f102\" data-element_type=\"widget\" data-e-type=\"widget\" data-widget_type=\"pp-dual-heading.default\">\n\t\t\t\t\t<h2 class=\"pp-dual-heading\"><span class=\"pp-first-text\">Life and work in the HP Home team<\/span><span class=\"pp-second-text\">Culture of togetherness and <br\/>professional pride<\/span><\/h2>\t\t\t\t<\/div>\n\t\t\t\t<div class=\"elementor-element elementor-element-228fcb5 elementor-widget elementor-widget-pp-divider\" data-id=\"228fcb5\" data-element_type=\"widget\" data-e-type=\"widget\" data-widget_type=\"pp-divider.default\">\n\t\t\t\t\t\t\t<div class=\"pp-divider-wrap\">\n\t\t\t\t\t\t\t<div class=\"pp-divider pp-divider-horizontal horizontal\"><\/div>\n\t\t\t\t\t\t<\/div>    \n\t\t\t\t\t\t<\/div>\n\t\t\t\t<div class=\"elementor-element elementor-element-446c124 elementor-widget__width-initial elementor-widget elementor-widget-text-editor\" data-id=\"446c124\" data-element_type=\"widget\" data-e-type=\"widget\" data-widget_type=\"text-editor.default\">\n\t\t\t\t\t\t\t\t\t<p>At HP Home, a workday is much more than just time spent on a construction site or in the office. We nurture an atmosphere where every individual's contribution is valued, while mutual respect and team spirit are the foundation of everything we do. We believe that satisfied workers are the key to top quality, which is why we strive to create an environment where you feel safe, respected, and motivated to give your best every day.<\/p><p>While we are fully committed to deadlines and precision, we deeply respect our employees' private time. Our goal is to minimize stress through good organization and a clear division of tasks, allowing you to enjoy time with your family and friends after a job well done. Being part of the HP Home team means having a stable career without sacrificing what matters most to you in your private life.<\/p>\t\t\t\t\t\t\t\t<\/div>\n\t\t\t\t<\/div>\n\t\t\t\t\t<\/div>\n\t\t\t\t<\/div>\n\t\t\t\t<\/div>\n\t\t<div class=\"elementor-element elementor-element-ec91e2d e-flex e-con-boxed e-con e-parent\" data-id=\"ec91e2d\" data-element_type=\"container\" data-e-type=\"container\" id=\"works\">\n\t\t\t\t\t<div class=\"e-con-inner\">\n\t\t<div class=\"elementor-element elementor-element-fdeafbc e-grid e-con-full e-con e-child\" data-id=\"fdeafbc\" data-element_type=\"container\" data-e-type=\"container\">\n\t\t\t\t<div class=\"elementor-element elementor-element-c48533a pp-dual-heading-block elementor-widget elementor-widget-pp-dual-heading\" data-id=\"c48533a\" data-element_type=\"widget\" data-e-type=\"widget\" data-widget_type=\"pp-dual-heading.default\">\n\t\t\t\t\t<h2 class=\"pp-dual-heading\"><span class=\"pp-first-text\">Currently open positions<\/span><span class=\"pp-second-text\">Explore open job competitions and <br\/>join the team that is building the future.<\/span><\/h2>\t\t\t\t<\/div>\n\t\t\t\t<\/div>\n\t\t\t\t<div class=\"elementor-element elementor-element-941702a elementor-widget elementor-widget-text-editor\" data-id=\"941702a\" data-element_type=\"widget\" data-e-type=\"widget\" data-widget_type=\"text-editor.default\">\n\t\t\t\t\t\t\t\t\t&nbsp;\n<table class=\"style2\">\n<thead>\n<tr>\n<th>Position<\/th>\n<th>Location<\/th>\n<th>Type<\/th>\n<th>Experience<\/th>\n<th><\/th>\n<\/tr>\n<\/thead>\n<tbody>\n<tr>\n<td>Majstor<\/td>\n<td>Bar<\/td>\n<td>Full time<\/td>\n<td>Desirable, but not essential<\/td>\n<td><a class=\"button sm\" href=\"https:\/\/hphome.me\/en\/contact\/\">Apply now<\/a><\/td>\n<\/tr>\n<\/tbody>\n<\/table>\t\t\t\t\t\t\t\t<\/div>\n\t\t\t\t\t<\/div>\n\t\t\t\t<\/div>\n\t\t\t\t<\/div>","protected":false},"excerpt":{"rendered":"<p>Gradimo budu\u0107nost zajedno. U HP Home, vjerujemo da su na\u0161i zaposleni na\u0161 naj\u010dvr\u0161\u0107i temelj. Sa tradicijom dugom 40 godina, nudimo stabilno radno okru\u017eenje, priliku za stru\u010dno usavr\u0161avanje i rad na projektima u Crnoj Gori. Postanite dio tima Pogodnosti za zaposleneU HP Home timu ne gradimo samo objekte, ve\u0107 i dugoro\u010dne karijere. Pogledajte otvorene pozicije Prilika [&hellip;]<\/p>\n","protected":false},"author":1,"featured_media":0,"parent":13,"menu_order":0,"comment_status":"closed","ping_status":"closed","template":"tmpl\/template-fullwidth.php","meta":{"_acf_changed":false,"inline_featured_image":false,"footnotes":""},"class_list":["post-89","page","type-page","status-publish","hentry"],"acf":[],"_links":{"self":[{"href":"https:\/\/hphome.me\/en\/wp-json\/wp\/v2\/pages\/89","targetHints":{"allow":["GET"]}}],"collection":[{"href":"https:\/\/hphome.me\/en\/wp-json\/wp\/v2\/pages"}],"about":[{"href":"https:\/\/hphome.me\/en\/wp-json\/wp\/v2\/types\/page"}],"author":[{"embeddable":true,"href":"https:\/\/hphome.me\/en\/wp-json\/wp\/v2\/users\/1"}],"replies":[{"embeddable":true,"href":"https:\/\/hphome.me\/en\/wp-json\/wp\/v2\/comments?post=89"}],"version-history":[{"count":10,"href":"https:\/\/hphome.me\/en\/wp-json\/wp\/v2\/pages\/89\/revisions"}],"predecessor-version":[{"id":1142,"href":"https:\/\/hphome.me\/en\/wp-json\/wp\/v2\/pages\/89\/revisions\/1142"}],"up":[{"embeddable":true,"href":"https:\/\/hphome.me\/en\/wp-json\/wp\/v2\/pages\/13"}],"wp:attachment":[{"href":"https:\/\/hphome.me\/en\/wp-json\/wp\/v2\/media?parent=89"}],"curies":[{"name":"wp","href":"https:\/\/api.w.org\/{rel}","templated":true}]}}